{"id":160,"date":"2019-01-27T17:10:48","date_gmt":"2019-01-27T16:10:48","guid":{"rendered":"http:\/\/espegeca.fr\/?page_id=160"},"modified":"2021-03-25T14:39:47","modified_gmt":"2021-03-25T13:39:47","slug":"laululaire-3","status":"publish","type":"page","link":"https:\/\/espegeca.fr\/index.php\/laululaire-3\/","title":{"rendered":"L&rsquo;Aululaire"},"content":{"rendered":"\r\n<h2 class=\"wp-block-heading\">Histoires de d\u00e9bordements<\/h2>\r\n\r\n\r\n\r\n<figure class=\"wp-block-image\"><img loading=\"lazy\" decoding=\"async\" width=\"1024\" height=\"683\" class=\"wp-image-137\" src=\"http:\/\/espegeca.fr\/wp-content\/uploads\/2019\/01\/LAululaire-HD-dandy-manchot-1024x683.jpg\" alt=\"\" srcset=\"https:\/\/espegeca.fr\/wp-content\/uploads\/2019\/01\/LAululaire-HD-dandy-manchot-1024x683.jpg 1024w, https:\/\/espegeca.fr\/wp-content\/uploads\/2019\/01\/LAululaire-HD-dandy-manchot-300x200.jpg 300w, https:\/\/espegeca.fr\/wp-content\/uploads\/2019\/01\/LAululaire-HD-dandy-manchot-768x513.jpg 768w, https:\/\/espegeca.fr\/wp-content\/uploads\/2019\/01\/LAululaire-HD-dandy-manchot.jpg 1858w\" sizes=\"(max-width: 706px) 89vw, (max-width: 767px) 82vw, 740px\" \/>\r\n<figcaption><a href=\"https:\/\/vimeo.com\/217569436\" target=\"_blank\" rel=\"noreferrer noopener\" aria-label=\"Teaser du spectacle (s\u2019ouvre dans un nouvel onglet)\">Teaser du spectacle<\/a><\/figcaption>\r\n<\/figure>\r\n\r\n\r\n\r\n<p><strong>Une forme courte de 25 mn<br \/>cr\u00e9\u00e9e en 2017 au Festival MIMA &#8211; Mirepoix Tout public \u00e0 partir de 5 ans<br \/>Th\u00e9\u00e2tre physique, vocal et d&rsquo;objets\u00a0<\/strong><\/p>\r\n\r\n\r\n<hr class=\"wp-block-separator\" \/>\r\n\r\n\r\n<p>L&rsquo;Aululaire, c&rsquo;est l&rsquo;autre nom de la marmite.<br \/>\u00c7a sonne comme \u00ab tralal\u00e8re \u00bb ou le nom d&rsquo;un petit doigt qui gratte l&rsquo;oreille&#8230;<\/p>\r\n\r\n\r\n\r\n<p>A l&rsquo;origine, marmite signifie \u00ab hypocrite \u00bb, aussi fourbe qu&rsquo;un chat. C&rsquo;est parce qu&rsquo;elle est ferm\u00e9e et qu&rsquo;on ne voit pas ce qu&rsquo;il y a dedans qui mijote, contrairement \u00e0 la po\u00eale&#8230; Humide, sombre, \u00e9touffante, on redoute de tomber dedans comme en enfer&#8230;<\/p>\r\n\r\n\r\n\r\n<p>Mais pour les gourmands, la marmite est un lieu de promesses. Ce qui palpite dans son ventre chaud nous nargue des petits bruits sourds et d&rsquo;odeurs aguicheuses. C&rsquo;est aussi un lieu de tensions qui d\u00e9livre le go\u00fbt de la dur\u00e9e, la saveur de l&rsquo;attente, tout en \u00e9veillant l&rsquo;excitation du d\u00e9bordement en puissance, du surgissement incontr\u00f4lable&#8230;<\/p>\r\n\r\n\r\n<hr class=\"wp-block-separator\" \/>\r\n<h4>L&rsquo;\u00e9quipe<\/h4>\r\n\r\n\r\n\r\n<p style=\"text-align: left;\">Conception, \u00e9criture, r\u00e9alisation et jeu : <strong>C\u00e9line Schmitt et Ivon\u00a0Delpratto<\/strong><br \/>Accompagn\u00e9 par un musicien improvisateur : <strong>S\u00e9bastien Cirotteau ou Robin Fincker<\/strong><br \/>Avec l\u2019aide ponctuelle de : <strong>Camille Boitel et Nasrin Pourhosseini<\/strong><\/p>\r\n\r\n\r\n<hr class=\"wp-block-separator\" \/>\r\n\r\n\r\n<p style=\"font-size: 14px;\"><strong>Soutien :<\/strong><\/p>\r\n<p style=\"font-size: 14px; padding-left: 30px;\">La Cie L\u2019Entreprise &#8211; La Friche Belle de Mai, Marseille<br \/>Les Subsistances, Lyon<br \/>L\u2019Et\u00e9 de Vaour<br \/>La Limonaderie \u00e0 Foix<\/p>\r\n<p style=\"font-size: 14px;\"><br \/><strong>Production :<\/strong><\/p>\r\n<p style=\"font-size: 14px; padding-left: 30px;\">Compagnie Esp\u00e9g\u00e9ca<\/p>\r\n<p style=\"font-size: 14px;\"><strong>Co-prodroduction :<\/strong><\/p>\r\n<p style=\"font-size: 14px; padding-left: 30px;\">Compagnie L\u2019Imm\u00e9diat<\/p>\r\n<p style=\"font-size: 14px;\"><strong>Administration :<\/strong><\/p>\r\n<p style=\"font-size: 14px; padding-left: 30px;\">La Limonaderie<\/p>\r\n\r\n\r\n\r\n\r\n\r\n\r\n\r\n<p><iframe loading=\"lazy\" src=\"https:\/\/player.vimeo.com\/video\/217569436\" width=\"640\" height=\"360\" frameborder=\"0\" allowfullscreen=\"allowfullscreen\"><\/iframe><\/p>\r\n\r\n<p><a href=\"https:\/\/drive.google.com\/file\/d\/1b14fTIE62rvxxFUkUk437rViRvpDdgJ_\/view?usp=sharing\" target=\"_blank\" rel=\"noreferrer noopener\" aria-label=\" (s\u2019ouvre dans un nouvel onglet)\">TELECHARGER LE DOSSIER<\/a><\/p>\r\n\r\n\r\n\r\n<p><a href=\"https:\/\/drive.google.com\/file\/d\/0Bxnd_j4-jdqlT1dCMG9INnNDVzVCMVhkeTFsSDNWY1VFaGdN\/view?usp=sharing\" target=\"_blank\" rel=\"noreferrer noopener\" aria-label=\" (s\u2019ouvre dans un nouvel onglet)\">TELECHARGER LA FICHE TECHNIQ<\/a>UE<\/p>\r\n\r\n\r\n","protected":false},"excerpt":{"rendered":"<p>Histoires de d\u00e9bordements Une forme courte de 25 mncr\u00e9\u00e9e en 2017 au Festival MIMA &#8211; Mirepoix Tout public \u00e0 partir de 5 ansTh\u00e9\u00e2tre physique, vocal et d&rsquo;objets\u00a0 L&rsquo;Aululaire, c&rsquo;est l&rsquo;autre nom de la marmite.\u00c7a sonne comme \u00ab tralal\u00e8re \u00bb ou le nom d&rsquo;un petit doigt qui gratte l&rsquo;oreille&#8230; A l&rsquo;origine, marmite signifie \u00ab hypocrite \u00bb, &hellip; <\/p>\n<p class=\"link-more\"><a href=\"https:\/\/espegeca.fr\/index.php\/laululaire-3\/\" class=\"more-link\">Continuer la lecture<span class=\"screen-reader-text\"> de &laquo;&nbsp;L&rsquo;Aululaire&nbsp;&raquo;<\/span><\/a><\/p>\n","protected":false},"author":1,"featured_media":139,"parent":0,"menu_order":0,"comment_status":"closed","ping_status":"closed","template":"","meta":{"footnotes":""},"_links":{"self":[{"href":"https:\/\/espegeca.fr\/index.php\/wp-json\/wp\/v2\/pages\/160"}],"collection":[{"href":"https:\/\/espegeca.fr\/index.php\/wp-json\/wp\/v2\/pages"}],"about":[{"href":"https:\/\/espegeca.fr\/index.php\/wp-json\/wp\/v2\/types\/page"}],"author":[{"embeddable":true,"href":"https:\/\/espegeca.fr\/index.php\/wp-json\/wp\/v2\/users\/1"}],"replies":[{"embeddable":true,"href":"https:\/\/espegeca.fr\/index.php\/wp-json\/wp\/v2\/comments?post=160"}],"version-history":[{"count":17,"href":"https:\/\/espegeca.fr\/index.php\/wp-json\/wp\/v2\/pages\/160\/revisions"}],"predecessor-version":[{"id":398,"href":"https:\/\/espegeca.fr\/index.php\/wp-json\/wp\/v2\/pages\/160\/revisions\/398"}],"wp:featuredmedia":[{"embeddable":true,"href":"https:\/\/espegeca.fr\/index.php\/wp-json\/wp\/v2\/media\/139"}],"wp:attachment":[{"href":"https:\/\/espegeca.fr\/index.php\/wp-json\/wp\/v2\/media?parent=160"}],"curies":[{"name":"wp","href":"https:\/\/api.w.org\/{rel}","templated":true}]}}